{"id":424,"date":"2019-02-01T06:06:41","date_gmt":"2019-02-01T06:06:41","guid":{"rendered":"http:\/\/localhost\/boldman\/boldman-theme\/?page_id=424"},"modified":"2025-01-30T17:02:11","modified_gmt":"2025-01-30T16:02:11","slug":"nos-expertises","status":"publish","type":"page","link":"https:\/\/labelconfort.fr\/index.php\/nos-expertises\/","title":{"rendered":"Qui Sommes-nous"},"content":{"rendered":"<p>[vc_row tm_bgcolor=\u00a0\u00bbgrey\u00a0\u00bb tm_bgimagefixed=\u00a0\u00bb\u00a0\u00bb break_in_responsive=\u00a0\u00bb991&Prime; full_width=\u00a0\u00bbstretch_row\u00a0\u00bb tm_responsive_css=\u00a0\u00bb36469573|colbreak_no|||||||||colbreak_no|||||40px||30px||colbreak_no||||||||||colbreak_no|||||||||\u00a0\u00bb css=\u00a0\u00bb.vc_custom_1550896253927{padding-top: 68px !important;padding-bottom: 59px !important;}\u00a0\u00bb][vc_column]<div class=\"tm-element-heading-wrapper tm-heading-inner tm-element-align-center tm-seperator-none tm-heading-style-vertical \"><section class=\"tm-vc_cta3-container\"><div class=\"tm-vc_general tm-vc_cta3 tm-cta3-only tm-vc_cta3-style-classic tm-vc_cta3-shape-rounded tm-vc_cta3-align-center tm-vc_cta3-color-transparent tm-vc_cta3-icon-size-md tm-vc_cta3-actions-no tm-cta3-without-desc\"><div class=\"tm-vc_cta3_content-container\"><div class=\"tm-vc_cta3-content\"><header class=\"tm-vc_cta3-content-header tm-wrap\"><div class=\"tm-vc_cta3-headers tm-wrap-cell\"><h2 style=\"font-size:35px;line-height:45px;font-family:'Poppins',Arial,Helvetica;font-weight:500;\" class=\"tm-custom-heading \" >BESOIN D'AIDE ?<\/h2>\n<\/div><\/header><\/div><\/div><\/div><\/section><\/div> <!-- .tm-element-heading-wrapper container --> <h2 style=\"text-align:center;font-size:18px;line-height:23px;color:#8d9297;font-family:'Poppins',Arial,Helvetica;font-weight:400;\" class=\"tm-custom-heading vc_custom_1563190518152\" >Vous avez une question relative \u00e0 votre projet !<\/h2>\n[vc_text_separator title=\u00a0\u00bb\u00a0\u00bb i_icon_fontawesome=\u00a0\u00bbfa fa-phone\u00a0\u00bb i_color=\u00a0\u00bbcustom\u00a0\u00bb i_size=\u00a0\u00bblg\u00a0\u00bb color=\u00a0\u00bbcustom\u00a0\u00bb el_width=\u00a0\u00bb30&Prime; add_icon=\u00a0\u00bbtrue\u00a0\u00bb i_custom_color=\u00a0\u00bb#fda12b\u00a0\u00bb accent_color=\u00a0\u00bb#d7d7d7&Prime; css=\u00a0\u00bb.vc_custom_1549001958841{margin-bottom: 8px !important;padding-top: 4px !important;}\u00a0\u00bb]<h2 style=\"text-align:center;font-size:28px;line-height:30px;font-family:'Poppins',Arial,Helvetica;font-weight:400;\" class=\"tm-custom-heading \" >Appelez nous: 0 809 540 026<\/h2>\n[\/vc_column][\/vc_row][vc_row tm_bgimagefixed=\u00a0\u00bb\u00a0\u00bb break_in_responsive=\u00a0\u00bb991&Prime; full_width=\u00a0\u00bbstretch_row\u00a0\u00bb tm_responsive_css=\u00a0\u00bb59354957|colbreak_no|||||||||colbreak_no|||||40px||||colbreak_no||||||||||colbreak_no|||||||||\u00a0\u00bb css=\u00a0\u00bb.vc_custom_1549002470055{padding-bottom: 0px !important;}\u00a0\u00bb][vc_column reduce_extra_padding=\u00a0\u00bb991&Prime; width=\u00a0\u00bb5\/12&Prime; css=\u00a0\u00bb.vc_custom_1548237107691{background-position: center !important;background-repeat: no-repeat !important;background-size: cover !important;}\u00a0\u00bb][vc_single_image image=\u00a0\u00bb3991&Prime; img_size=\u00a0\u00bbfull\u00a0\u00bb alignment=\u00a0\u00bbcenter\u00a0\u00bb][\/vc_column][vc_column reduce_extra_padding=\u00a0\u00bb991&Prime; width=\u00a0\u00bb7\/12&Prime; css=\u00a0\u00bb.vc_custom_1548237062663{padding-left: 35px !important;}\u00a0\u00bb]<div class=\"tm-element-heading-wrapper tm-heading-inner tm-element-align-left tm-seperator-solid tm-heading-style-vertical \"><section class=\"tm-vc_cta3-container\"><div class=\"tm-vc_general tm-vc_cta3 tm-cta3-only tm-vc_cta3-style-classic tm-vc_cta3-shape-rounded tm-vc_cta3-align-left tm-vc_cta3-color-transparent tm-vc_cta3-icon-size-md tm-vc_cta3-actions-no tm-cta3-without-desc\"><div class=\"tm-vc_cta3_content-container\"><div class=\"tm-vc_cta3-content\"><header class=\"tm-vc_cta3-content-header tm-wrap\"><div class=\"tm-vc_cta3-headers tm-wrap-cell\"><h4 class=\"tm-custom-heading \" >Label Confort<\/h4>\n<h2 class=\"tm-custom-heading \" >Qui sommes nous?<\/h2>\n<\/div><\/header><\/div><\/div><\/div><\/section><\/div> <!-- .tm-element-heading-wrapper container --> [vc_column_text]Fond\u00e9e il y a 10 ans en r\u00e9gion parisienne, LABEL Confort est une entreprise fran\u00e7aise \u00e0 la pointe de l\u2019innovation. Gr\u00e2ce \u00e0 ses \u00e9quipes hautement qualifi\u00e9es et passionn\u00e9es, elle s\u2019engage \u00e0 offrir des solutions durables et efficaces.<\/p>\n<p>Depuis sa cr\u00e9ation, notre mission est claire : vous garantir un confort optimal tout en r\u00e9duisant significativement vos factures \u00e9nerg\u00e9tiques.<\/p>\n<p><strong>Notre vision : l\u2019\u00e9cologie \u00e9conomique au c\u0153ur de la transition \u00e9nerg\u00e9tique<\/strong><\/p>\n<p>LABEL confort promeut un nouveau concept, celui de l\u2019\u00e9cologie \u00e9conomique. Cette approche allie croissance et d\u00e9veloppement \u00e9conomique tout en pr\u00e9servant l\u2019environnement. Nous agissons pour une transition \u00e9nerg\u00e9tique responsable, en limitant l\u2019empreinte \u00e9cologique de nos activit\u00e9s et de celles de nos clients.[\/vc_column_text][\/vc_column][\/vc_row][vc_row tm_bgimage_position=\u00a0\u00bbcenter_bottom\u00a0\u00bb tm_bgimagefixed=\u00a0\u00bb\u00a0\u00bb break_in_responsive=\u00a0\u00bb991&Prime; full_width=\u00a0\u00bbstretch_row\u00a0\u00bb css=\u00a0\u00bb.vc_custom_1550050739962{padding-top: 65px !important;padding-bottom: 95px !important;background-image: url(https:\/\/labelconfort.fr\/wp-content\/uploads\/2019\/02\/row-bg-one.png?id=3511) !important;background-position: center !important;background-repeat: no-repeat !important;background-size: cover !important;}\u00a0\u00bb tm_responsive_css=\u00a0\u00bb26679976|colbreak_no|||||||||colbreak_no|||||10px||40px||colbreak_no||||||||||colbreak_no|||||||||\u00a0\u00bb][vc_column tm_shadow=\u00a0\u00bbyes\u00a0\u00bb width=\u00a0\u00bb1\/2&Prime;]<div class=\"tm-sbox tm-sbox-iconalign-top-center none tm-sbox-bgcolor-white tm-bgcolor-white tm-sbox-textcolor- tm-textcolor- tm-sbox-isize-md tm-sbox-isize-md tm-sbox-istyle-rounded  tm-bgcolor-yes tm-sbox-heading-only\"><section class=\"tm-vc_cta3-container\"><div class=\"tm-vc_general tm-vc_cta3 tm-vc_cta3-align-left tm-vc_cta3-icon-size-md tm-vc_cta3-icons-top tm-vc_cta3-actions-no\"><div class=\"tm-vc_cta3-icons tm-wrap-cell\"><div class=\"tm-vc_icon_element tm-vc_icon_element-outer tm-vc_icon_element-align-left  tm-vc_icon_element-have-style\"><div class=\"tm-vc_icon_element-inner  tm-vc_icon_element-have-style-inner tm-vc_icon_element-color-white tm-vc_icon_element-size-md tm-vc_icon_element-style-rounded tm-vc_icon_element-background tm-vc_icon_element-background-color-skincolor\" ><span class=\"tm-vc_icon_element-icon themifyicon ti-flag-alt-2\" ><\/span><\/div><\/div><\/div><div class=\"tm-vc_cta3_content-container\"><div class=\"tm-vc_cta3-content\"><div class=\"tm-vc_cta3-content-header tm-wrap\"><div class=\"tm-vc_cta3-headers tm-wrap-cell\"><h2 class=\"tm-custom-heading \" >UNE SOLUTION PERSONNALIS\u00c9E<\/h2>\n<\/div><\/div><\/div><div class=\"tm-cta3-desc-btn-wrapper\"><div class=\"tm-cta3-description\"><div class=\"tm-cta3-content-wrapper\"><p>Faire appel \u00e0 un expert LABEL Confort, <strong>c\u2019est la garantie d\u2019obtenir l\u2019installation la plus adapt\u00e9e \u00e0 vos besoins<\/strong>. Les installations (chauffages, climatisation, ventilation \u2026) sont de plus en plus performantes, mais aussi de plus en plus complexes. <strong>Seul un professionnel LABEL Confort<\/strong> peut trouver la ou les solutions adapt\u00e9es \u00e0 votre habitation et \u00e0 votre rythme de vie.<\/p><\/div><\/div><\/div><\/div><\/div><\/section><\/div><div class=\"tm-sbox tm-sbox-iconalign-top-center none tm-sbox-bgcolor-white tm-bgcolor-white tm-sbox-textcolor- tm-textcolor- tm-sbox-isize-md tm-sbox-isize-md tm-sbox-istyle-rounded  tm-bgcolor-yes tm-sbox-heading-only\"><section class=\"tm-vc_cta3-container\"><div class=\"tm-vc_general tm-vc_cta3 tm-vc_cta3-align-left tm-vc_cta3-icon-size-md tm-vc_cta3-icons-top tm-vc_cta3-actions-no\"><div class=\"tm-vc_cta3-icons tm-wrap-cell\"><div class=\"tm-vc_icon_element tm-vc_icon_element-outer tm-vc_icon_element-align-left  tm-vc_icon_element-have-style\"><div class=\"tm-vc_icon_element-inner  tm-vc_icon_element-have-style-inner tm-vc_icon_element-color-white tm-vc_icon_element-size-md tm-vc_icon_element-style-rounded tm-vc_icon_element-background tm-vc_icon_element-background-color-skincolor\" ><span class=\"tm-vc_icon_element-icon themifyicon ti-money\" ><\/span><\/div><\/div><\/div><div class=\"tm-vc_cta3_content-container\"><div class=\"tm-vc_cta3-content\"><div class=\"tm-vc_cta3-content-header tm-wrap\"><div class=\"tm-vc_cta3-headers tm-wrap-cell\"><h2 class=\"tm-custom-heading \" >B\u00c9N\u00c9FICIEZ DES AIDES &amp; CR\u00c9DITS D'IMP\u00d4TS !<\/h2>\n<\/div><\/div><\/div><div class=\"tm-cta3-desc-btn-wrapper\"><div class=\"tm-cta3-description\"><div class=\"tm-cta3-content-wrapper\"><p><strong>En faisant appel \u00e0 un professionnel LABEL Confort pour la pose<\/strong>\u00a0d&rsquo;\u00e9quipements li\u00e9s aux\u00a0<strong>\u00e9conomies d\u2019\u00e9nergie<\/strong>\u00a0et au\u00a0<strong>d\u00e9veloppement durable<\/strong>, vous pouvez b\u00e9n\u00e9ficiez jusqu&rsquo;\u00e0 30% de cr\u00e9dits d&rsquo;imp\u00f4ts !<\/p><\/div><\/div><\/div><\/div><\/div><\/section><\/div>[\/vc_column][vc_column tm_shadow=\u00a0\u00bbyes\u00a0\u00bb width=\u00a0\u00bb1\/2&Prime; tm_responsive_css=\u00a0\u00bb90353025|colbreak_no|||||||||colbreak_no|||||20px||20px||colbreak_no||||||||||colbreak_no|||||||||\u00a0\u00bb]<div class=\"tm-sbox tm-sbox-iconalign-top-center none tm-sbox-bgcolor-white tm-bgcolor-white tm-sbox-textcolor- tm-textcolor- tm-sbox-isize-md tm-sbox-isize-md tm-sbox-istyle-rounded  tm-bgcolor-yes tm-sbox-heading-only\"><section class=\"tm-vc_cta3-container\"><div class=\"tm-vc_general tm-vc_cta3 tm-vc_cta3-align-left tm-vc_cta3-icon-size-md tm-vc_cta3-icons-top tm-vc_cta3-actions-no\"><div class=\"tm-vc_cta3-icons tm-wrap-cell\"><div class=\"tm-vc_icon_element tm-vc_icon_element-outer tm-vc_icon_element-align-left  tm-vc_icon_element-have-style\"><div class=\"tm-vc_icon_element-inner  tm-vc_icon_element-have-style-inner tm-vc_icon_element-color-white tm-vc_icon_element-size-md tm-vc_icon_element-style-rounded tm-vc_icon_element-background tm-vc_icon_element-background-color-skincolor\" ><span class=\"tm-vc_icon_element-icon themifyicon ti-bag\" ><\/span><\/div><\/div><\/div><div class=\"tm-vc_cta3_content-container\"><div class=\"tm-vc_cta3-content\"><div class=\"tm-vc_cta3-content-header tm-wrap\"><div class=\"tm-vc_cta3-headers tm-wrap-cell\"><h2 class=\"tm-custom-heading \" >L\u2019ASSURANCE D\u2019UNE POSE S\u00c9CURIS\u00c9E<\/h2>\n<\/div><\/div><\/div><div class=\"tm-cta3-desc-btn-wrapper\"><div class=\"tm-cta3-description\"><div class=\"tm-cta3-content-wrapper\"><p>L\u2019installateur professionnel LABEL Confort est \u00e9galement le garant d\u2019une <strong>pose conforme aux normes et aux r\u00e8gles de l\u2019art de la profession<\/strong> . Les b\u00e9n\u00e9fices \u00e0 la cl\u00e9 : pas de danger pour les utilisateurs, moins de risques de panne, et surtout un entretien des \u00e9quipements qui assurera leur p\u00e9rennit\u00e9.\u00a0<strong>En passant par un installateur professionnel LABEL Confort, vous \u00eates certain que la garantie s\u2019applique en cas de probl\u00e8me.<\/strong><\/p><\/div><\/div><\/div><\/div><\/div><\/section><\/div><div class=\"tm-sbox tm-sbox-iconalign-top-center none tm-sbox-bgcolor-white tm-bgcolor-white tm-sbox-textcolor- tm-textcolor- tm-sbox-isize-md tm-sbox-isize-md tm-sbox-istyle-rounded  tm-bgcolor-yes tm-sbox-heading-only\"><section class=\"tm-vc_cta3-container\"><div class=\"tm-vc_general tm-vc_cta3 tm-vc_cta3-align-left tm-vc_cta3-icon-size-md tm-vc_cta3-icons-top tm-vc_cta3-actions-no\"><div class=\"tm-vc_cta3-icons tm-wrap-cell\"><div class=\"tm-vc_icon_element tm-vc_icon_element-outer tm-vc_icon_element-align-left  tm-vc_icon_element-have-style\"><div class=\"tm-vc_icon_element-inner  tm-vc_icon_element-have-style-inner tm-vc_icon_element-color-white tm-vc_icon_element-size-md tm-vc_icon_element-style-rounded tm-vc_icon_element-background tm-vc_icon_element-background-color-skincolor\" ><span class=\"tm-vc_icon_element-icon themifyicon ti-layers\" ><\/span><\/div><\/div><\/div><div class=\"tm-vc_cta3_content-container\"><div class=\"tm-vc_cta3-content\"><div class=\"tm-vc_cta3-content-header tm-wrap\"><div class=\"tm-vc_cta3-headers tm-wrap-cell\"><h2 class=\"tm-custom-heading \" >D\u00e9marches administratives<\/h2>\n<\/div><\/div><\/div><div class=\"tm-cta3-desc-btn-wrapper\"><div class=\"tm-cta3-description\"><div class=\"tm-cta3-content-wrapper\">\n<div class=\"_simple\">Nous vous accompagnons \u00e9galement pour<strong> l\u2019ensemble des d\u00e9marches administratives<\/strong> afin que vous puissiez <strong>obtenir les subventions<\/strong> allou\u00e9es dans le cadre de votre projet.<\/div>\n<p><\/div><\/div><\/div><\/div><\/div><\/section><\/div>[\/vc_column][\/vc_row][vc_row tm_bgcolor=\u00a0\u00bbskincolor\u00a0\u00bb tm_bgimagefixed=\u00a0\u00bbtrue\u00a0\u00bb full_width=\u00a0\u00bbstretch_row\u00a0\u00bb css=\u00a0\u00bb.vc_custom_1550036883941{padding-top: 45px !important;padding-bottom: 55px !important;background-image: url(http:\/\/boldman.themetechmount.com\/wp-content\/uploads\/2019\/02\/rowbg-one.jpg?id=3553) !important;background-position: center !important;background-repeat: no-repeat !important;background-size: cover !important;}\u00a0\u00bb tm_responsive_css=\u00a0\u00bb76462673|colbreak_no|||||||||colbreak_no|||||||40px||colbreak_no||||||||||colbreak_no|||||||||\u00a0\u00bb el_class=\u00a0\u00bbtm-facts-colum-sep\u00a0\u00bb][vc_column width=\u00a0\u00bb1\/4&Prime;]\n<div class=\"tm-fid inside tm-fid-with-icon tm-fid-view-topicon tm-fid-no-border\">\n\t<div class=\"tm-fid-icon-wrapper\"><i class=\"themifyicon ti-light-bulb\"><\/i><\/div>\t<div class=\"tm-fld-contents\">\n\t\t<h4 class=\"tm-fid-inner\">\n\t\t\t\t\t\t<span\n\t\t\t\tdata-appear-animation = \"animateDigits\"\n\t\t\t\tdata-from             = \"0\"\n\t\t\t\tdata-to               = \"2572\"\n\t\t\t\tdata-interval         = \"20\"\n\t\t\t\tdata-before           = \"\"\n\t\t\t\tdata-before-style     = \"sup\"\n\t\t\t\tdata-after            = \"\"\n\t\t\t\tdata-after-style      = \"sub\"\n\t\t\t\t>\n\t\t\t\t\t2572\t\t\t<\/span>\n\t\t\t\t\t<\/h4>\n\t\t<h3 class=\"tm-fid-title\"><span>Projet Compl\u00e9t\u00e9<br><\/span><\/h3>\n\t<\/div><!-- .tm-fld-contents -->\n\t<\/div>\n\n[\/vc_column][vc_column width=\u00a0\u00bb1\/4&Prime;]\n<div class=\"tm-fid inside tm-fid-with-icon tm-fid-view-topicon tm-fid-no-border\">\n\t<div class=\"tm-fid-icon-wrapper\"><i class=\"themifyicon ti-paint-roller\"><\/i><\/div>\t<div class=\"tm-fld-contents\">\n\t\t<h4 class=\"tm-fid-inner\">\n\t\t\t\t\t\t<span\n\t\t\t\tdata-appear-animation = \"animateDigits\"\n\t\t\t\tdata-from             = \"0\"\n\t\t\t\tdata-to               = \"123\"\n\t\t\t\tdata-interval         = \"20\"\n\t\t\t\tdata-before           = \"\"\n\t\t\t\tdata-before-style     = \"sup\"\n\t\t\t\tdata-after            = \"\"\n\t\t\t\tdata-after-style      = \"sub\"\n\t\t\t\t>\n\t\t\t\t\t123\t\t\t<\/span>\n\t\t\t\t\t<\/h4>\n\t\t<h3 class=\"tm-fid-title\"><span>Experts Label Confort<br><\/span><\/h3>\n\t<\/div><!-- .tm-fld-contents -->\n\t<\/div>\n\n[\/vc_column][vc_column width=\u00a0\u00bb1\/4&Prime;]\n<div class=\"tm-fid inside tm-fid-with-icon tm-fid-view-topicon tm-fid-no-border\">\n\t<div class=\"tm-fid-icon-wrapper\"><i class=\"themifyicon ti-cup\"><\/i><\/div>\t<div class=\"tm-fld-contents\">\n\t\t<h4 class=\"tm-fid-inner\">\n\t\t\t\t\t\t<span\n\t\t\t\tdata-appear-animation = \"animateDigits\"\n\t\t\t\tdata-from             = \"0\"\n\t\t\t\tdata-to               = \"10\"\n\t\t\t\tdata-interval         = \"5\"\n\t\t\t\tdata-before           = \"\"\n\t\t\t\tdata-before-style     = \"sup\"\n\t\t\t\tdata-after            = \"\"\n\t\t\t\tdata-after-style      = \"sub\"\n\t\t\t\t>\n\t\t\t\t\t10\t\t\t<\/span>\n\t\t\t\t\t<\/h4>\n\t\t<h3 class=\"tm-fid-title\"><span>ans d'experience<br><\/span><\/h3>\n\t<\/div><!-- .tm-fld-contents -->\n\t<\/div>\n\n[\/vc_column][\/vc_row][vc_row tm_bgimagefixed=\u00a0\u00bb\u00a0\u00bb break_in_responsive=\u00a0\u00bb1200&Prime; full_width=\u00a0\u00bbstretch_row\u00a0\u00bb tm_responsive_css=\u00a0\u00bb86892882|colbreak_no|||||||||colbreak_no|||||0px||90px||colbreak_no||||||||||colbreak_no|||||||||\u00a0\u00bb css=\u00a0\u00bb.vc_custom_1550037119668{padding-top: 15px !important;padding-bottom: 140px !important;}\u00a0\u00bb][vc_column][\/vc_column][\/vc_row]<\/p>\n","protected":false},"excerpt":{"rendered":"<p>[vc_row tm_bgcolor=\u00a0\u00bbgrey\u00a0\u00bb tm_bgimagefixed=\u00a0\u00bb\u00a0\u00bb break_in_responsive=\u00a0\u00bb991&Prime; full_width=\u00a0\u00bbstretch_row\u00a0\u00bb tm_responsive_css=\u00a0\u00bb36469573|colbreak_no|||||||||colbreak_no|||||40px||30px||colbreak_no||||||||||colbreak_no|||||||||\u00a0\u00bb css=\u00a0\u00bb.vc_custom_1550896253927{padding-top: 68px !important;padding-bottom: 59px !important;}\u00a0\u00bb][vc_column][vc_text_separator title=\u00a0\u00bb\u00a0\u00bb i_icon_fontawesome=\u00a0\u00bbfa fa-phone\u00a0\u00bb i_color=\u00a0\u00bbcustom\u00a0\u00bb i_size=\u00a0\u00bblg\u00a0\u00bb color=\u00a0\u00bbcustom\u00a0\u00bb el_width=\u00a0\u00bb30&Prime; add_icon=\u00a0\u00bbtrue\u00a0\u00bb i_custom_color=\u00a0\u00bb#fda12b\u00a0\u00bb accent_color=\u00a0\u00bb#d7d7d7&Prime; css=\u00a0\u00bb.vc_custom_1549001958841{margin-bottom: 8px !important;padding-top: 4px !important;}\u00a0\u00bb][\/vc_column][\/vc_row][vc_row tm_bgimagefixed=\u00a0\u00bb\u00a0\u00bb break_in_responsive=\u00a0\u00bb991&Prime; full_width=\u00a0\u00bbstretch_row\u00a0\u00bb tm_responsive_css=\u00a0\u00bb59354957|colbreak_no|||||||||colbreak_no|||||40px||||colbreak_no||||||||||colbreak_no|||||||||\u00a0\u00bb css=\u00a0\u00bb.vc_custom_1549002470055{padding-bottom: 0px !important;}\u00a0\u00bb][vc_column reduce_extra_padding=\u00a0\u00bb991&Prime; width=\u00a0\u00bb5\/12&Prime; css=\u00a0\u00bb.vc_custom_1548237107691{background-position: center !important;background-repeat: no-repeat !important;background-size: cover !important;}\u00a0\u00bb][vc_single_image image=\u00a0\u00bb3991&Prime; img_size=\u00a0\u00bbfull\u00a0\u00bb alignment=\u00a0\u00bbcenter\u00a0\u00bb][\/vc_column][vc_column reduce_extra_padding=\u00a0\u00bb991&Prime; width=\u00a0\u00bb7\/12&Prime; css=\u00a0\u00bb.vc_custom_1548237062663{padding-left: 35px !important;}\u00a0\u00bb][vc_column_text]Fond\u00e9e il y a 10 ans &hellip; <a href=\"https:\/\/labelconfort.fr\/index.php\/nos-expertises\/\" class=\"more-link\">Continue reading <span class=\"screen-reader-text\">Qui Sommes-nous<\/span><\/a><\/p>\n","protected":false},"author":1,"featured_media":0,"parent":0,"menu_order":8,"comment_status":"closed","ping_status":"closed","template":"","meta":{"footnotes":""},"class_list":["post-424","page","type-page","status-publish","hentry"],"_links":{"self":[{"href":"https:\/\/labelconfort.fr\/index.php\/wp-json\/wp\/v2\/pages\/424","targetHints":{"allow":["GET"]}}],"collection":[{"href":"https:\/\/labelconfort.fr\/index.php\/wp-json\/wp\/v2\/pages"}],"about":[{"href":"https:\/\/labelconfort.fr\/index.php\/wp-json\/wp\/v2\/types\/page"}],"author":[{"embeddable":true,"href":"https:\/\/labelconfort.fr\/index.php\/wp-json\/wp\/v2\/users\/1"}],"replies":[{"embeddable":true,"href":"https:\/\/labelconfort.fr\/index.php\/wp-json\/wp\/v2\/comments?post=424"}],"version-history":[{"count":11,"href":"https:\/\/labelconfort.fr\/index.php\/wp-json\/wp\/v2\/pages\/424\/revisions"}],"predecessor-version":[{"id":4069,"href":"https:\/\/labelconfort.fr\/index.php\/wp-json\/wp\/v2\/pages\/424\/revisions\/4069"}],"wp:attachment":[{"href":"https:\/\/labelconfort.fr\/index.php\/wp-json\/wp\/v2\/media?parent=424"}],"curies":[{"name":"wp","href":"https:\/\/api.w.org\/{rel}","templated":true}]}}